{"id":6,"date":"2022-01-17T08:32:35","date_gmt":"2022-01-17T08:32:35","guid":{"rendered":"http:\/\/doblo.hu\/?page_id=6"},"modified":"2026-03-11T21:19:10","modified_gmt":"2026-03-11T21:19:10","slug":"doblo","status":"publish","type":"page","link":"https:\/\/doblo.hu\/","title":{"rendered":"Doblo Wine &#038; Bar"},"content":{"rendered":"<div class=\"is-default-size wp-block-site-logo\"><a href=\"https:\/\/doblo.hu\/\" class=\"custom-logo-link\" rel=\"home\"><img decoding=\"async\" width=\"113\" height=\"113\" src=\"https:\/\/doblo.hu\/wp-content\/uploads\/2022\/01\/doblologo.png\" class=\"custom-logo\" alt=\"Doblo Wine &amp; Bar\" srcset=\"https:\/\/doblo.hu\/wp-content\/uploads\/2022\/01\/doblologo.png 113w, https:\/\/doblo.hu\/wp-content\/uploads\/2022\/01\/doblologo-100x100.png 100w\" sizes=\"(max-width: 113px) 100vw, 113px\" \/><\/a><\/div>\n\n\n<figure class=\"wp-block-pullquote has-text-align-center has-small-font-size\"><blockquote><p>Egy borospince \u00e9s egy New York-i loft tal\u00e1lkoz\u00e1sa a 7. ker\u00fcletben<\/p><\/blockquote><\/figure>\n\n\n\n<p><\/p>\n","protected":false},"excerpt":{"rendered":"<p>Egy borospince \u00e9s egy New York-i loft tal\u00e1lkoz\u00e1sa a 7. ker\u00fcletben<\/p>\n","protected":false},"author":1,"featured_media":12,"parent":0,"menu_order":0,"comment_status":"closed","ping_status":"closed","template":"page-templates\/template-full-width.php","meta":{"footnotes":""},"class_list":["post-6","page","type-page","status-publish","has-post-thumbnail","hentry","pique-template-full-width"],"_links":{"self":[{"href":"https:\/\/doblo.hu\/index.php?rest_route=\/wp\/v2\/pages\/6","targetHints":{"allow":["GET"]}}],"collection":[{"href":"https:\/\/doblo.hu\/index.php?rest_route=\/wp\/v2\/pages"}],"about":[{"href":"https:\/\/doblo.hu\/index.php?rest_route=\/wp\/v2\/types\/page"}],"author":[{"embeddable":true,"href":"https:\/\/doblo.hu\/index.php?rest_route=\/wp\/v2\/users\/1"}],"replies":[{"embeddable":true,"href":"https:\/\/doblo.hu\/index.php?rest_route=%2Fwp%2Fv2%2Fcomments&post=6"}],"version-history":[{"count":16,"href":"https:\/\/doblo.hu\/index.php?rest_route=\/wp\/v2\/pages\/6\/revisions"}],"predecessor-version":[{"id":3058,"href":"https:\/\/doblo.hu\/index.php?rest_route=\/wp\/v2\/pages\/6\/revisions\/3058"}],"wp:featuredmedia":[{"embeddable":true,"href":"https:\/\/doblo.hu\/index.php?rest_route=\/wp\/v2\/media\/12"}],"wp:attachment":[{"href":"https:\/\/doblo.hu\/index.php?rest_route=%2Fwp%2Fv2%2Fmedia&parent=6"}],"curies":[{"name":"wp","href":"https:\/\/api.w.org\/{rel}","templated":true}]}}